{"id":3362,"date":"2014-11-13T16:40:33","date_gmt":"2014-11-13T16:40:33","guid":{"rendered":"https:\/\/tri-volt.com\/industriel\/bouchon-a-vis-et-immersion-a-bride\/circulation-heater\/"},"modified":"2024-02-27T14:51:38","modified_gmt":"2024-02-27T14:51:38","slug":"rechauffeurs-a-circulation","status":"publish","type":"page","link":"https:\/\/tri-volt.com\/fr\/industriel\/bouchon-a-vis-et-immersion-a-bride\/rechauffeurs-a-circulation\/","title":{"rendered":"R\u00e9chauffeurs \u00e0 circulation"},"content":{"rendered":"<p><span style=\"font-weight: 400;\">Les industries Trivolt proposent des r\u00e9chauffeurs \u00e0 circulation \u00e9lectrique standard et sur mesure, con\u00e7us pour r\u00e9pondre \u00e0 la plupart\u00a0 des applications et exigences des sites. Qu&rsquo;ils soient livr\u00e9s en vrac ou emball\u00e9s sous forme de skid avec panneau de commande, Les industries Trivolt peuvent fournir une solution compl\u00e8te pour votre application.<\/span><\/p>\n<p><span style=\"font-weight: 400;\">Les r\u00e9chauffeurs \u00e0 circulation des industries Trivolt sont disponibles dans une conception traditionnelle de thermoplongeur \u00e0 bouchon filet\u00e9 ou \u00e0 bride.Les industries Trivolt proposent \u00e9galement une gamme \u00e9tendue de r\u00e9chauffeurs \u00e0 circulation ALUMA adapt\u00e9s aux applications o\u00f9 l&rsquo;espace est un probl\u00e8me.<\/span><\/p>\n<p><span style=\"font-weight: 400;\">Le r\u00e9chauffeur \u00e0 circulation ALUMA est sp\u00e9cialement con\u00e7u pour les applications de surface \u00e0 faible densit\u00e9 de puissance. Il est disponible en aluminium, en acier au carbone standard, en acier inoxydable et en mat\u00e9riaux exotiques tels que le titane.<\/span><\/p>\n<p><span style=\"font-weight: 400;\">Tous nos r\u00e9chauffeurs \u00e0 circulation peuvent \u00eatre fabriqu\u00e9s de 1 \u00e0 3 pouces NPT, de 150 \u00e0 300 PSI et peuvent \u00eatre mont\u00e9s sur une bride allant de 2&Prime; \u00e0 10&Prime; (150 \u00e0 300 PSI).<\/span><\/p>\n<p><span style=\"font-weight: 400;\">Nos unit\u00e9s sont con\u00e7ues pour minimiser les pertes de chaleur gr\u00e2ce \u00e0 une isolation int\u00e9gr\u00e9e en fibre c\u00e9ramique install\u00e9e dans un bo\u00eetier en t\u00f4le d&rsquo;acier inoxydable.<\/span><\/p>\n<p><span style=\"font-weight: 400;\">Les r\u00e9chauffeurs \u00e0 circulation ALUMA sont disponibles avec des bo\u00eetiers NEMA 1, 4, 7, 12 et tous les bo\u00eetiers Crouse Hinds conformes aux certifications CSA-CUS et HazLoc.<\/span><\/p>\n<p><span style=\"font-weight: 400;\">Tous les r\u00e9chauffeurs \u00e0 circulation ALUMA peuvent \u00eatre \u00e9quip\u00e9s de capteurs pour la lecture de la temp\u00e9rature et\/ou la limite haute.<\/span><\/p>\n<p><span style=\"font-weight: 400;\">Les applications typiques sont les suivantes : Chauffage de l&rsquo;eau, protection contre le gel, chauffage de l&rsquo;huile de transfert de chaleur, chauffage du mazout, vapeur, air, chauffage du gaz, asphalte et tous les fluides ou gaz comprim\u00e9s.<\/span><\/p>\n<p><span style=\"font-weight: 400;\">Les r\u00e9chauffeurs \u00e9lectriques de processus des industries Trivolt sont fabriqu\u00e9s selon les normes de qualit<\/span><br \/>\n<!--\n<a href=\"https:\/\/tri-volt.com\/wp-content\/uploads\/2015\/02\/trivolt-circulationheater-handout.pdf\" target=\"_blank\" rel=\"noopener\"><img loading=\"lazy\" decoding=\"async\" src=\"https:\/\/tri-volt.com\/wp-content\/themes\/trivolt\/images\/icone_doc_pdf.png\" alt=\"pdf\" width=\"24\" height=\"24\" \/> T\u00e9l\u00e9charger la brochure &gt; <\/a>\n--><br \/>\n&nbsp;<\/p>\n<p><a name=\"products\"><\/a><br \/>\n<img loading=\"lazy\" decoding=\"async\" class=\"alignleft size-full wp-image-506\" src=\"https:\/\/tri-volt.com\/wp-content\/uploads\/2015\/02\/TV-Electrical-Circulation-Heater-HorizVert.jpg\" alt=\"TriVolt-circulation-heater-horizontal-vertical\" width=\"675\" height=\"300\" \/><br \/>\n<img loading=\"lazy\" decoding=\"async\" class=\"alignleft size-full wp-image-509\" src=\"https:\/\/tri-volt.com\/wp-content\/uploads\/2015\/02\/TV-Electrical-Circulation-Individual.jpg\" alt=\"TriVolt-circulation-heater-individual\" width=\"675\" height=\"300\" \/><br \/>\n<img loading=\"lazy\" decoding=\"async\" class=\"alignleft size-full wp-image-509\" src=\"https:\/\/tri-volt.com\/wp-content\/uploads\/2015\/02\/TV-Electrical-Circulation-Aluma-Immersion.jpg\" alt=\"TriVolt-circulation-heater-Aluma-immersion\" width=\"675\" height=\"300\" \/><\/p>\n","protected":false},"excerpt":{"rendered":"<p>Les industries Trivolt proposent des r\u00e9chauffeurs \u00e0 circulation \u00e9lectrique standard et sur mesure, con\u00e7us pour r\u00e9pondre \u00e0 la plupart\u00a0 des applications et exigences des sites. Qu&rsquo;ils soient livr\u00e9s en vrac ou emball\u00e9s sous forme de skid avec panneau de commande, Les industries Trivolt peuvent fournir une solution compl\u00e8te pour votre application. Les r\u00e9chauffeurs \u00e0 circulation [&hellip;]<\/p>\n","protected":false},"author":12,"featured_media":0,"parent":3298,"menu_order":0,"comment_status":"open","ping_status":"closed","template":"","meta":{"footnotes":""},"class_list":["post-3362","page","type-page","status-publish","hentry"],"aioseo_notices":[],"_links":{"self":[{"href":"https:\/\/tri-volt.com\/fr\/wp-json\/wp\/v2\/pages\/3362","targetHints":{"allow":["GET"]}}],"collection":[{"href":"https:\/\/tri-volt.com\/fr\/wp-json\/wp\/v2\/pages"}],"about":[{"href":"https:\/\/tri-volt.com\/fr\/wp-json\/wp\/v2\/types\/page"}],"author":[{"embeddable":true,"href":"https:\/\/tri-volt.com\/fr\/wp-json\/wp\/v2\/users\/12"}],"replies":[{"embeddable":true,"href":"https:\/\/tri-volt.com\/fr\/wp-json\/wp\/v2\/comments?post=3362"}],"version-history":[{"count":4,"href":"https:\/\/tri-volt.com\/fr\/wp-json\/wp\/v2\/pages\/3362\/revisions"}],"predecessor-version":[{"id":3549,"href":"https:\/\/tri-volt.com\/fr\/wp-json\/wp\/v2\/pages\/3362\/revisions\/3549"}],"up":[{"embeddable":true,"href":"https:\/\/tri-volt.com\/fr\/wp-json\/wp\/v2\/pages\/3298"}],"wp:attachment":[{"href":"https:\/\/tri-volt.com\/fr\/wp-json\/wp\/v2\/media?parent=3362"}],"curies":[{"name":"wp","href":"https:\/\/api.w.org\/{rel}","templated":true}]}}