{"id":3365,"date":"2012-03-08T23:04:51","date_gmt":"2012-03-08T23:04:51","guid":{"rendered":"https:\/\/tri-volt.com\/industriel\/plate-heaters\/"},"modified":"2023-11-30T14:29:51","modified_gmt":"2023-11-30T14:29:51","slug":"chauffe-plaque","status":"publish","type":"page","link":"https:\/\/tri-volt.com\/fr\/industriel\/chauffe-plaque\/","title":{"rendered":"Chauffe-plaque"},"content":{"rendered":"<p><span style=\"font-weight: 400;\">Les chauffe-plaques TriVolt sont usin\u00e9s selon les sp\u00e9cifications du client pour un montage et une installation efficaces. Les chauffe-plaques sont construits pour \u00eatre rigides et capables de r\u00e9sister \u00e0 des conditions difficiles. Ces r\u00e9chauffeurs ont un excellent transfert de chaleur car ils sont remplis d&rsquo;oxyde de magn\u00e9sium compact\u00e9, ce qui leur conf\u00e8re des propri\u00e9t\u00e9s \u00e9lectriques maximales.<\/span><\/p>\n<p><span style=\"font-weight: 400;\">Les applications comprennent le chauffage des fili\u00e8res de profil\u00e9s d&rsquo;extrusion, le moulage et l&#8217;emballage, les collecteurs et les t\u00eates de fili\u00e8res pour le moulage par soufflage et les moules d&rsquo;injection. Voir ci-dessous pour les secteurs d&rsquo;application et les sp\u00e9cifications.<\/span><\/p>\n<p><span style=\"font-weight: 400;\">Les industries Trivolt adopte un syst\u00e8me de contr\u00f4le de qualit\u00e9 interne strict (QMSM-2009). Chaque appareil de chauffage est test\u00e9 pour sa r\u00e9sistance et sa tenue di\u00e9lectrique. Tous nos appareils de chauffage sont approuv\u00e9s par les marquages CSA, UL et CE.<\/span><\/p>\n<div id=\"box-specs\" style=\"height: 168px;\">\n<ul id=\"tabs\">\n<li class=\"selected\" title=\"tab-1\"><strong>Applications<\/strong><\/li>\n<li title=\"tab-2\"><strong>Sp\u00e9cifications<\/strong><\/li>\n<li title=\"tab-3\"><span style=\"color: #000000;\"><span style=\"caret-color: #000000;\"><b>Connexions \u00e9lectriques<\/b><\/span><\/span><\/li>\n<li title=\"tab-4\"><span style=\"color: #000000;\"><span style=\"caret-color: #000000;\"><b>Bo\u00eetier du terminal<\/b><\/span><\/span><\/li>\n<li title=\"tab-5\"><strong>Trous<\/strong><\/li>\n<\/ul>\n<div id=\"tab-cont\" style=\"height: 168px;\">\n<div id=\"tab-1\" class=\"thetab\">\n<ul>\n<li>Extrusion plastique<\/li>\n<li>Moulage par injection<\/li>\n<li>Moulage par soufflage<\/li>\n<li>Moulage par pression<\/li>\n<li>Mousse structurelle<\/li>\n<li>Industrie alimentaire<\/li>\n<li>Emballage<\/li>\n<li>Chauffage des tuyaux et des r\u00e9servoirs des conteneurs<\/li>\n<li>Produits chimiques, p\u00e9trole &amp; Industries du gaz<\/li>\n<li>Armoire chauffante<\/li>\n<\/ul>\n<\/div>\n<div id=\"tab-2\" class=\"thetab\">\n<ul>\n<li>Mat\u00e9riau ext\u00e9rieur : aluminium (acier et acier inoxydable disponibles)<\/li>\n<li>Mat\u00e9riau int\u00e9rieur : Fil de nichrome, mat\u00e9riau isolant en fibre c\u00e9ramique et oxyde de magn\u00e9sium<\/li>\n<li>Temp\u00e9rature de la gaine : jusqu&rsquo;\u00e0 650\u00b0 F<\/li>\n<li>Densit\u00e9 maximale en watts : 35 watts\/po\u00b2.<\/li>\n<li>Largeur minimale standard : 1&Prime; (consulter l&rsquo;usine pour une largeur inf\u00e9rieure)<\/li>\n<li>Longueur minimale standard : 4&Prime; (consulter l&rsquo;usine pour une largeur inf\u00e9rieure)<\/li>\n<li>\u00c9paisseur : de 0,5&Prime; \u00e0 1&Prime;.<\/li>\n<\/ul>\n<\/div>\n<div id=\"tab-3\" class=\"thetab\">\n<ul>\n<li>Borne de poste<\/li>\n<li>Manchon en fibre de verre<\/li>\n<li>Tresse en m\u00e9tal (SS)<\/li>\n<li>C\u00e2ble d&rsquo;armure (AC)<\/li>\n<li>Fils en t\u00e9flon<\/li>\n<li>Fil de silicone<\/li>\n<li>Poteau de sol<\/li>\n<li>Double tension<\/li>\n<li>Triphas\u00e9<\/li>\n<\/ul>\n<\/div>\n<div id=\"tab-4\" class=\"thetab\">\n<ul>\n<li>Bo\u00eete \u00e0 bornes<\/li>\n<li>Bo\u00eete \u00e0 bornes avec bloc c\u00e9ramique<\/li>\n<li>Prise europ\u00e9enne<\/li>\n<li>Prise europ\u00e9enne avec bloc de protection<\/li>\n<li>Couvercles de poteaux en c\u00e9ramique<\/li>\n<li>Capuchon en laiton pour les chauffages avec des sorties de c\u00e2bles \u00e0 angles diff\u00e9rents<\/li>\n<\/ul>\n<\/div>\n<div id=\"tab-5\" class=\"thetab\">\n<ul>\n<li>Trous de fixation<\/li>\n<li>Encoches<\/li>\n<li>D\u00e9coupe carr\u00e9e<\/li>\n<li>Adaptateurs et raccords<\/li>\n<\/ul>\n<\/div>\n<\/div>\n<\/div>\n<table id=\"products\" style=\"width: 100%;\" cellspacing=\"1\" cellpadding=\"1\" align=\"center\">\n<tbody>\n<tr>\n<td valign=\"top\" width=\"234\">\n<div class=\"theimage\"><span class=\"title\">PH-01<\/span><img loading=\"lazy\" decoding=\"async\" class=\"alignnone size-full wp-image-1946\" src=\"https:\/\/tri-volt.com\/wp-content\/uploads\/2012\/03\/trivolt_plate-ph-01.jpg\" alt=\"\" width=\"236\" height=\"134\" \/><\/div>\n<ul>\n<li>Borne filet\u00e9e \u00bc\u00a0\u00bb-20 du m\u00eame c\u00f4t\u00e9<\/li>\n<li>Fabriqu\u00e9 en aluminium (acier et acier inoxydable disponibles)<\/li>\n<li>La puissance maximale est de 35 watts\/pouce carr\u00e9.<\/li>\n<li>Temp\u00e9rature maximale de la gaine jusqu&rsquo;\u00e0 650\u00b0 F<\/li>\n<\/ul>\n<\/td>\n<td valign=\"top\" width=\"234\">\n<div class=\"theimage\"><span class=\"title\">PH-02<\/span><img loading=\"lazy\" decoding=\"async\" class=\"alignnone size-full wp-image-1945\" src=\"https:\/\/tri-volt.com\/wp-content\/uploads\/2012\/03\/trivolt_plate-ph-02.jpg\" alt=\"\" width=\"236\" height=\"134\" \/><\/div>\n<ul>\n<li>Borne filet\u00e9e \u00bc\u00a0\u00bb-20 \u00e0 chaque extr\u00e9mit\u00e9<\/li>\n<li>Fabriqu\u00e9 en aluminium (acier et acier inoxydable disponibles)<\/li>\n<li>La puissance maximale est de 35 watts\/pouce carr\u00e9.<\/li>\n<li>Temp\u00e9rature maximale de la gaine jusqu&rsquo;\u00e0 650\u00b0 F<\/li>\n<\/ul>\n<\/td>\n<td valign=\"top\" width=\"234\">\n<div class=\"theimage\"><span class=\"title\">PH-03<\/span> <img loading=\"lazy\" decoding=\"async\" class=\"alignnone size-full wp-image-1944\" src=\"https:\/\/tri-volt.com\/wp-content\/uploads\/2012\/03\/trivolt_plate-ph-03.jpg\" alt=\"\" width=\"236\" height=\"134\" \/><\/div>\n<ul>\n<li>Borne filet\u00e9e \u00bc\u00a0\u00bb-20 au centre de l&rsquo;appareil.<\/li>\n<li>Les bornes peuvent \u00eatre plac\u00e9es \u00e0 n&rsquo;importe quel endroit de l&rsquo;appareil de chauffage.<\/li>\n<li>Fabriqu\u00e9 en aluminium (acier et acier inoxydable disponibles)<\/li>\n<li>La puissance maximale est de 35 watts\/pouce carr\u00e9.<\/li>\n<li>Temp\u00e9rature maximale de la gaine jusqu&rsquo;\u00e0 650\u00b0 F<\/li>\n<\/ul>\n<\/td>\n<\/tr>\n<tr>\n<td valign=\"top\" width=\"234\">\n<div class=\"theimage\"><span class=\"title\">PH-04<\/span> <img loading=\"lazy\" decoding=\"async\" class=\"alignnone size-full wp-image-1943\" src=\"https:\/\/tri-volt.com\/wp-content\/uploads\/2012\/03\/trivolt_plate-ph-04.jpg\" alt=\"\" width=\"234\" height=\"134\" \/><\/div>\n<ul>\n<li>Borne filet\u00e9e \u00bc\u00a0\u00bb-20 prot\u00e9g\u00e9e par une bo\u00eete \u00e0 bornes en acier satin\u00e9 de calibre 18<\/li>\n<li>Fabriqu\u00e9 en aluminium (acier et acier inoxydable disponibles)<\/li>\n<li>La puissance maximale est de 35 watts\/pouce carr\u00e9.<\/li>\n<li>Temp\u00e9rature maximale de la gaine jusqu&rsquo;\u00e0 650\u00b0 F<\/li>\n<\/ul>\n<\/td>\n<td valign=\"top\" width=\"234\">\n<div class=\"theimage\"><span class=\"title\">PH-05<\/span> <img loading=\"lazy\" decoding=\"async\" class=\"alignnone size-full wp-image-1942\" src=\"https:\/\/tri-volt.com\/wp-content\/uploads\/2012\/03\/trivolt_plate-ph-05.jpg\" alt=\"\" width=\"236\" height=\"134\" \/><\/div>\n<ul>\n<li>550\u00b0 F high temperature Duraflex wire with stainless steel over<br \/>\nbraid (SS)<\/li>\n<li>Manufactured with Aluminum (steel and stainless steel available)<\/li>\n<li>Maximum wattage is<br \/>\n35 watts\/sq. in.<\/li>\n<li>Maximum sheath temperate<br \/>\nup to 650\u00b0 F<\/li>\n<\/ul>\n<\/td>\n<td valign=\"top\" width=\"234\">\n<div class=\"theimage\"><span class=\"title\">PH-06<\/span> <img loading=\"lazy\" decoding=\"async\" class=\"alignnone size-full wp-image-1941\" src=\"https:\/\/tri-volt.com\/wp-content\/uploads\/2012\/03\/trivolt_plate-ph-06.jpg\" alt=\"\" width=\"236\" height=\"134\" \/><\/div>\n<ul>\n<li>C\u00e2ble Duraflex haute temp\u00e9rature 550\u00b0 F avec armure de protection (AC)<\/li>\n<li>Fabriqu\u00e9 en aluminium (acier et acier inoxydable disponibles)<\/li>\n<li>La puissance maximale est de 35 watts\/pouce carr\u00e9.<\/li>\n<li>Temp\u00e9rature maximale de la gaine jusqu&rsquo;\u00e0 650\u00b0 F<\/li>\n<\/ul>\n<\/td>\n<\/tr>\n<tr>\n<td valign=\"top\" width=\"234\">\n<div class=\"theimage\"><span class=\"title\">PH-07<\/span> <img loading=\"lazy\" decoding=\"async\" class=\"alignnone size-full wp-image-1940\" src=\"https:\/\/tri-volt.com\/wp-content\/uploads\/2012\/03\/trivolt_plate-ph-07.jpg\" alt=\"\" width=\"236\" height=\"134\" \/><\/div>\n<ul>\n<li>Fil Duraflex haute temp\u00e9rature 550\u00b0 F avec tresse de recouvrement en acier inoxydable (SS)<\/li>\n<li>Sortie du fil d&rsquo;un bord de la largeur du r\u00e9chauffeur<\/li>\n<li>Fabriqu\u00e9 en aluminium (acier et acier inoxydable disponibles)<\/li>\n<li>La puissance maximale est de 35 watts\/pouce carr\u00e9.<\/li>\n<li>Temp\u00e9rature maximale de la gaine jusqu&rsquo;\u00e0 650\u00b0 F<\/li>\n<\/ul>\n<\/td>\n<td valign=\"top\" width=\"234\">\n<div class=\"theimage\"><span class=\"title\">PH-08<\/span> <img loading=\"lazy\" decoding=\"async\" class=\"alignnone size-full wp-image-1939\" src=\"https:\/\/tri-volt.com\/wp-content\/uploads\/2012\/03\/trivolt_plate-ph-08.jpg\" alt=\"\" width=\"236\" height=\"134\" \/><\/div>\n<ul>\n<li style=\"list-style-type: none;\">\n<ul>\n<li>C\u00e2ble Duraflex haute temp\u00e9rature 550\u00b0 F avec armure de protection (AC)<\/li>\n<li>Sortie du fil d&rsquo;un bord de la largeur du r\u00e9chauffeur<\/li>\n<li>Fabriqu\u00e9 en aluminium (acier et acier inoxydable disponibles)<\/li>\n<li>La puissance maximale est de 35 watts\/pouce carr\u00e9.<\/li>\n<li>Temp\u00e9rature maximale de la gaine jusqu&rsquo;\u00e0 650\u00b0 F<\/li>\n<\/ul>\n<\/li>\n<\/ul>\n<\/td>\n<td valign=\"top\" width=\"234\">\n<div class=\"theimage\"><span class=\"title\">PH-09<\/span> <img loading=\"lazy\" decoding=\"async\" class=\"alignnone size-full wp-image-1938\" src=\"https:\/\/tri-volt.com\/wp-content\/uploads\/2012\/03\/trivolt_plate-ph-09.jpg\" alt=\"\" width=\"236\" height=\"134\" \/><\/div>\n<ul>\n<li>Raccordement europ\u00e9en situ\u00e9 \u00e0 l&rsquo;une des extr\u00e9mit\u00e9s de l&rsquo;appareil de chauffage<\/li>\n<li>Fabriqu\u00e9 en aluminium (acier et acier inoxydable disponibles)<\/li>\n<li>La puissance maximale est de 35 watts\/pouce carr\u00e9.<\/li>\n<li>Temp\u00e9rature maximale de la gaine jusqu&rsquo;\u00e0 650\u00b0 F<\/li>\n<\/ul>\n<\/td>\n<\/tr>\n<tr>\n<td valign=\"top\" width=\"234\">\n<div class=\"theimage\"><span class=\"title\">PH-10<\/span> <img loading=\"lazy\" decoding=\"async\" class=\"alignnone size-full wp-image-1937\" src=\"https:\/\/tri-volt.com\/wp-content\/uploads\/2012\/03\/trivolt_plate-ph-10.jpg\" alt=\"\" width=\"236\" height=\"134\" \/><\/div>\n<ul>\n<li>Raccordement europ\u00e9en avec enveloppe de protection situ\u00e9e \u00e0 une extr\u00e9mit\u00e9 de l&rsquo;appareil de chauffage<\/li>\n<li>Fabriqu\u00e9 en aluminium (acier et acier inoxydable disponibles)<\/li>\n<li>La puissance maximale est de 35 watts\/pouce carr\u00e9.<\/li>\n<li>Temp\u00e9rature maximale de la gaine jusqu&rsquo;\u00e0 650\u00b0 F<\/li>\n<\/ul>\n<\/td>\n<td valign=\"top\" width=\"234\">\n<div class=\"theimage\"><span class=\"title\">PH-01H<\/span> <img loading=\"lazy\" decoding=\"async\" class=\"alignnone size-full wp-image-1936\" src=\"https:\/\/tri-volt.com\/wp-content\/uploads\/2012\/03\/trivolt_plate-ph-01h.jpg\" alt=\"\" width=\"236\" height=\"134\" \/><\/div>\n<ul>\n<li>Borne filet\u00e9e \u00bc\u00a0\u00bb-20 du m\u00eame c\u00f4t\u00e9 (PH-01) avec trous<\/li>\n<li>Fabriqu\u00e9 en aluminium (acier et acier inoxydable disponibles)<\/li>\n<li>La puissance maximale est de 35 watts\/pouce carr\u00e9.<\/li>\n<li>Temp\u00e9rature maximale de la gaine jusqu&rsquo;\u00e0 650\u00b0 F<\/li>\n<\/ul>\n<\/td>\n<td valign=\"top\" width=\"234\"><\/td>\n<\/tr>\n<\/tbody>\n<\/table>\n","protected":false},"excerpt":{"rendered":"<p>Les chauffe-plaques TriVolt sont usin\u00e9s selon les sp\u00e9cifications du client pour un montage et une installation efficaces. Les chauffe-plaques sont construits pour \u00eatre rigides et capables de r\u00e9sister \u00e0 des conditions difficiles. Ces r\u00e9chauffeurs ont un excellent transfert de chaleur car ils sont remplis d&rsquo;oxyde de magn\u00e9sium compact\u00e9, ce qui leur conf\u00e8re des propri\u00e9t\u00e9s \u00e9lectriques [&hellip;]<\/p>\n","protected":false},"author":12,"featured_media":0,"parent":2909,"menu_order":0,"comment_status":"closed","ping_status":"closed","template":"","meta":{"footnotes":""},"class_list":["post-3365","page","type-page","status-publish","hentry"],"aioseo_notices":[],"_links":{"self":[{"href":"https:\/\/tri-volt.com\/fr\/wp-json\/wp\/v2\/pages\/3365","targetHints":{"allow":["GET"]}}],"collection":[{"href":"https:\/\/tri-volt.com\/fr\/wp-json\/wp\/v2\/pages"}],"about":[{"href":"https:\/\/tri-volt.com\/fr\/wp-json\/wp\/v2\/types\/page"}],"author":[{"embeddable":true,"href":"https:\/\/tri-volt.com\/fr\/wp-json\/wp\/v2\/users\/12"}],"replies":[{"embeddable":true,"href":"https:\/\/tri-volt.com\/fr\/wp-json\/wp\/v2\/comments?post=3365"}],"version-history":[{"count":6,"href":"https:\/\/tri-volt.com\/fr\/wp-json\/wp\/v2\/pages\/3365\/revisions"}],"predecessor-version":[{"id":3384,"href":"https:\/\/tri-volt.com\/fr\/wp-json\/wp\/v2\/pages\/3365\/revisions\/3384"}],"up":[{"embeddable":true,"href":"https:\/\/tri-volt.com\/fr\/wp-json\/wp\/v2\/pages\/2909"}],"wp:attachment":[{"href":"https:\/\/tri-volt.com\/fr\/wp-json\/wp\/v2\/media?parent=3365"}],"curies":[{"name":"wp","href":"https:\/\/api.w.org\/{rel}","templated":true}]}}