{"id":3371,"date":"2012-03-08T23:04:37","date_gmt":"2012-03-08T23:04:37","guid":{"rendered":"https:\/\/tri-volt.com\/industriel\/power-band-heater\/"},"modified":"2024-10-28T19:56:29","modified_gmt":"2024-10-28T19:56:29","slug":"rechauffeur-de-bande-de-puissance","status":"publish","type":"page","link":"https:\/\/tri-volt.com\/fr\/industriel\/rechauffeur-de-bande-de-puissance\/","title":{"rendered":"R\u00e9chauffeur de bande de puissance"},"content":{"rendered":"<p><span style=\"font-weight: 400;\">Les R\u00e9chauffeurs de bandes de puissance peuvent fonctionner \u00e0 des temp\u00e9ratures de gaine allant jusqu&rsquo;\u00e0 1300\u00b0 F en continu, en fonction du diam\u00e8tre, de la largeur et de l&rsquo;application. L&rsquo;int\u00e9rieur d&rsquo;un\u00a0 R\u00e9chauffeur de bandes de puissance est fabriqu\u00e9 avec du ruban c\u00e9ramique, du fil Nichrome et du ciment c\u00e9ramique haute temp\u00e9rature. Le r\u00e9chauffeur de bandes de puissance r\u00e9pond rapidement aux applications qui requi\u00e8rent des temp\u00e9ratures \u00e9lev\u00e9es et des densit\u00e9s de watt importantes. Toute l&rsquo;humidit\u00e9 est \u00e9limin\u00e9e des r\u00e9chauffeurs de bandes de puissance par notre processus de cuisson \u00e0 850\u00b0 F pendant 8 heures. Nous avons inclus une terminaison \u00e0 petit profil sur les mod\u00e8les PWB1 et PWB2 pour les applications o\u00f9 l&rsquo;espace est restreint.<\/span><\/p>\n<p><span style=\"font-weight: 400;\">Tous les r\u00e9chauffeurs de bandes de puissance sont fix\u00e9s avec une sangle en acier inoxydable de calibre 18 pour garantir qu&rsquo;il n&rsquo;y a pas d&rsquo;espace d&rsquo;air entre le canon et le chauffe-bande, ce qui am\u00e9liore les performances du chauffe-bande. L&rsquo;enveloppe ext\u00e9rieure et l&rsquo;enveloppe int\u00e9rieure sont fabriqu\u00e9es en t\u00f4le d&rsquo;acier inoxydable 3042b, ce qui permet d&rsquo;obtenir un processus de compression lors de la formation des \u00e9l\u00e9ments chauffants. Les r\u00e9chauffeurs de bandes de puissance sont fabriqu\u00e9s dans une vari\u00e9t\u00e9 de styles de terminaisons \u00e9lectriques et peuvent \u00eatre fabriqu\u00e9s avec des trous.<\/span><\/p>\n<p><span style=\"font-weight: 400;\">Les industries Trivolt adopte un syst\u00e8me de contr\u00f4le de qualit\u00e9 interne strict (QMSM-2009). Chaque appareil de chauffage est test\u00e9 pour sa r\u00e9sistance et sa tenue di\u00e9lectrique. Tous nos appareils de chauffage sont approuv\u00e9s par les marquages CSA, UL et CE.<\/span><\/p>\n<div id=\"box-specs\" style=\"height: 150px;\">\n<ul id=\"tabs\">\n<li class=\"selected lcenter\" title=\"tab-1\"><strong>Applications<\/strong><\/li>\n<li class=\"lcenter\" title=\"tab-2\"><strong>Sp\u00e9cifications<\/strong><\/li>\n<li class=\"lcenter\" title=\"tab-3\"><strong>Construction<\/strong><\/li>\n<li title=\"tab-4\"><span style=\"color: #000000;\"><span style=\"caret-color: #000000;\"><b>Connexions \u00e9lectriques<\/b><\/span><\/span><\/li>\n<li title=\"tab-5\"><span style=\"color: #000000;\"><span style=\"caret-color: #000000;\"><b>Bo\u00eetier du terminal<\/b><\/span><\/span><\/li>\n<li title=\"tab-6\"><span style=\"color: #000000;\"><span style=\"caret-color: #000000;\"><b>M\u00e9thodes de serrage<\/b><\/span><\/span><\/li>\n<li class=\"lcenter\" title=\"tab-7\"><strong>Trous<\/strong><\/li>\n<\/ul>\n<div id=\"tab-cont\" style=\"height: 140px;\">\n<div id=\"tab-1\" class=\"thetab\">\n<ul>\n<li>Extrusion plastique<\/li>\n<li>Moulage par injection<\/li>\n<li>Moulage par soufflage<\/li>\n<li>Moulage par pression<\/li>\n<li>Mousse structurelle<\/li>\n<li>Emballage<\/li>\n<li>Industries chimiques, p\u00e9troli\u00e8res &amp; et gazi\u00e8res<\/li>\n<\/ul>\n<\/div>\n<div id=\"tab-2\" class=\"thetab\">\n<ul>\n<li>Temp\u00e9rature de la gaine: jusqu&rsquo;\u00e0 1300\u00b0 F<\/li>\n<li>Densit\u00e9 maximale en watts : 100 watts\/pouce carr\u00e9 en fonction du diam\u00e8tre et de la largeur.<\/li>\n<li>Tension maximale : 240 volts. Pour des tensions plus \u00e9lev\u00e9es, consulter l&rsquo;usine.<\/li>\n<\/ul>\n<\/div>\n<div id=\"tab-3\" class=\"thetab\">\n<ul>\n<li>Construction en 1 ou 2 pi\u00e8ces<\/li>\n<li>Extensible<\/li>\n<li>Couverture partielle<\/li>\n<li>Mat\u00e9riau ext\u00e9rieur: acier inoxydable<\/li>\n<li>Mat\u00e9riau int\u00e9rieur : Fil de nichrome et ruban de c\u00e9ramique<\/li>\n<li>Diam\u00e8tre standard minimum : 1,5&Prime; (selon le mod\u00e8le)<\/li>\n<li>Largeur minimale standard : 1&Prime;.<\/li>\n<\/ul>\n<\/div>\n<div id=\"tab-4\" class=\"thetab\">\n<ul>\n<li>Borne de poste<\/li>\n<li>Manchon en fibre de verre<\/li>\n<li>Tresse en m\u00e9tal (SS)<\/li>\n<li>C\u00e2ble d&rsquo;armure (AC)<\/li>\n<li>Poteau de sol<\/li>\n<li>Double tension<\/li>\n<li>Capuchon \u00e0 profil bas<\/li>\n<li>Triphas\u00e9<\/li>\n<li>Tension maximale : 240 volts. Pour des tensions plus \u00e9lev\u00e9es, consulter l&rsquo;usine.<\/li>\n<\/ul>\n<\/div>\n<div id=\"tab-5\" class=\"thetab\">\n<ul>\n<li>Bo\u00eete \u00e0 bornes<\/li>\n<li>Bo\u00eete \u00e0 bornes avec bloc c\u00e9ramique<\/li>\n<li>Prise europ\u00e9enne<\/li>\n<li>Prise europ\u00e9enne avec bo\u00eete \u00e0 bornes<\/li>\n<li>Couvercles de poteaux en c\u00e9ramique<\/li>\n<li>Capuchon en laiton pour les chauffages avec des sorties de c\u00e2bles \u00e0 angles diff\u00e9rents<\/li>\n<\/ul>\n<\/div>\n<div id=\"tab-6\" class=\"thetab\">\n<ul>\n<li>Sangles ind\u00e9pendantes ou compl\u00e8tes<\/li>\n<li>\u00c9crous \u00e0 barillet \u00e0 ressort<\/li>\n<\/ul>\n<\/div>\n<div id=\"tab-7\" class=\"thetab\">\n<ul>\n<li>Trous<\/li>\n<li>Adaptateurs et raccords<\/li>\n<\/ul>\n<\/div>\n<\/div>\n<\/div>\n<table id=\"products\" style=\"width: 100%;\" cellspacing=\"1\" cellpadding=\"1\" align=\"center\">\n<tbody>\n<tr>\n<td valign=\"top\" width=\"234\">\n<div class=\"theimage\"><span class=\"title\">PWB1A<\/span><br \/>\n<img decoding=\"async\" title=\"\" src=\"https:\/\/tri-volt.com\/wp-content\/uploads\/2015\/02\/PWB1A-web.jpg\" alt=\"\" \/><\/div>\n<\/td>\n<td valign=\"top\" width=\"234\">\n<div class=\"theimage\"><span class=\"title\">PWB1B<\/span><br \/>\n<img decoding=\"async\" title=\"\" src=\"https:\/\/tri-volt.com\/wp-content\/uploads\/2015\/02\/PWB1B-web.jpg\" alt=\"\" \/><\/div>\n<\/td>\n<td valign=\"top\" width=\"234\">\n<div class=\"theimage\"><span class=\"title\">PWB1C<\/span><br \/>\n<img decoding=\"async\" title=\"\" src=\"https:\/\/tri-volt.com\/wp-content\/uploads\/2015\/02\/PWB1C-web.jpg\" alt=\"\" \/><\/div>\n<\/td>\n<\/tr>\n<tr>\n<td colspan=\"3\">\n<ul>\n<li>Bande de puissance \u00e0 profil bas (PWB)<\/li>\n<li>Plus petit diam\u00e8tre : 1,5\u2033.<\/li>\n<li>Plus petite largeur : 1.5&Prime;<\/li>\n<li>La position de connexion est \u00e0 180\u00b0 de la fente.<\/li>\n<li>Les fils sont enferm\u00e9s dans un petit capuchon en acier inoxydable avec une paroi de calibre 18 pour plus de solidit\u00e9.<\/li>\n<li>La configuration du fil de connexion est standard 450\u00b0 F, fil MGT 18 brins.<\/li>\n<li>Les fils sortent \u00e0 90\u00b0 du r\u00e9chauffeur<\/li>\n<li>Mont\u00e9 avec une sangle en acier inoxydable 430 de calibre 18 pour un serrage maximal.<\/li>\n<li>Fabriqu\u00e9 avec de l&rsquo;acier inoxydable 3042b et du ruban de magn\u00e9sium c\u00e9ramique.<\/li>\n<li>Fonctionne \u00e0 une temp\u00e9rature maximale de 1300\u00b0 F en continu, en fonction du diam\u00e8tre, de la largeur et de l&rsquo;application.<\/li>\n<\/ul>\n<\/td>\n<\/tr>\n<tr>\n<td valign=\"top\" width=\"234\">\n<div class=\"theimage\"><span class=\"title\">PWB2A<\/span><br \/>\n<img decoding=\"async\" title=\"\" src=\"https:\/\/tri-volt.com\/wp-content\/uploads\/2015\/02\/PWB2A-web.jpg\" alt=\"\" \/><\/div>\n<\/td>\n<td valign=\"top\" width=\"234\">\n<div class=\"theimage\"><span class=\"title\">PWB2B<\/span><br \/>\n<img decoding=\"async\" title=\"\" src=\"https:\/\/tri-volt.com\/wp-content\/uploads\/2015\/02\/PWB2B-web.jpg\" alt=\"\" \/><\/div>\n<\/td>\n<td valign=\"top\" width=\"234\">\n<div class=\"theimage\"><span class=\"title\">PWB2C<\/span><br \/>\n<img decoding=\"async\" title=\"\" src=\"https:\/\/tri-volt.com\/wp-content\/uploads\/2015\/02\/PWB2C-web.jpg\" alt=\"\" \/><\/div>\n<\/td>\n<\/tr>\n<tr>\n<td colspan=\"3\">\n<ul>\n<li>Bande de puissance \u00e0 profil bas (PWB)<\/li>\n<li>Plus petit diam\u00e8tre: 1.5\u2033<\/li>\n<li>Plus petite largeur: 1.5<\/li>\n<li>La position de connexion est \u00e0 180\u00b0 de la fente.<\/li>\n<li>Les fils sont enferm\u00e9s dans un petit capuchon en acier inoxydable avec une paroi de calibre 18 pour plus de solidit\u00e9.<\/li>\n<li>La configuration du fil conducteur est standard: 450\u00b0 F, fil MGT 18 brins prot\u00e9g\u00e9 par une tresse en acier inoxydable et un manchon en fibre de verre.<\/li>\n<li>Les fils sortent \u00e0 90\u00b0 du r\u00e9chauffeur<\/li>\n<li>Mont\u00e9 avec une sangle en acier inoxydable 430 de calibre 18 pour un serrage maximal.<\/li>\n<li>Fabriqu\u00e9 avec de l&rsquo;acier inoxydable 3042b et du ruban de magn\u00e9sium c\u00e9ramique.<\/li>\n<li>Fonctionne \u00e0 une temp\u00e9rature maximale de 1300\u00b0 F en continu, en fonction du diam\u00e8tre, de la largeur et de l&rsquo;application.<\/li>\n<\/ul>\n<\/td>\n<\/tr>\n<tr>\n<td valign=\"top\" width=\"234\">\n<div class=\"theimage\"><span class=\"title\">PWB3<\/span><br \/>\n<img decoding=\"async\" title=\"\" src=\"https:\/\/tri-volt.com\/wp-content\/uploads\/2015\/02\/PWB3-web.jpg\" alt=\"\" \/><span class=\"title\" style=\"position: absolute; top: 13%; background-color: red; display: flex; align-items: center; height: 10%; font-size: 10px; padding: 0 10px;\">Discontinued<\/span><\/div>\n<ul>\n<li>Construction en deux pi\u00e8ces.<\/li>\n<li>Plus petit diam\u00e8tre : 4\u2033.<\/li>\n<li>Plus petite largeur : 1,5\u2033.<\/li>\n<li>Borne 10-32 de chaque c\u00f4t\u00e9 de l&rsquo;espace.<\/li>\n<li>Int\u00e9gr\u00e9e avec une sangle en acier inoxydable 430 de calibre 18 pour un serrage maximal. Le mod\u00e8le standard est fabriqu\u00e9 avec une charni\u00e8re.<\/li>\n<li>Fabriqu\u00e9 avec une feuille d&rsquo;acier inoxydable de calibre 24 et un ruban de magn\u00e9sium c\u00e9ramique.<\/li>\n<li>Fonctionne \u00e0 une temp\u00e9rature maximale de 1300\u00b0 F en continu, en fonction du diam\u00e8tre, de la largeur et de l&rsquo;application.<\/li>\n<\/ul>\n<\/td>\n<td valign=\"top\" width=\"234\">\n<div class=\"theimage\"><span class=\"title\">PWB4<\/span><br \/>\n<img decoding=\"async\" title=\"\" src=\"https:\/\/tri-volt.com\/wp-content\/uploads\/2015\/02\/PWB4-web.jpg\" alt=\"\" \/><span class=\"title\" style=\"position: absolute; top: 13%; background-color: red; display: flex; align-items: center; height: 10%; font-size: 10px; padding: 0 10px;\">Discontinued<\/span><\/div>\n<ul>\n<li>Construction en deux pi\u00e8ces.<\/li>\n<li>Plus petit diam\u00e8tre : 4\u2033.<\/li>\n<li>Plus petite largeur : 1.5\u2033.<\/li>\n<li>Bornes 10-32 de chaque c\u00f4t\u00e9 de l&rsquo;espace.<\/li>\n<li>Int\u00e9gr\u00e9e avec une sangle en acier inoxydable 430 de calibre 18 pour un serrage maximal. Le mod\u00e8le standard est fabriqu\u00e9 avec une charni\u00e8re.<\/li>\n<li>Fabriqu\u00e9 avec une feuille d&rsquo;acier inoxydable de calibre 24 et un ruban de magn\u00e9sium c\u00e9ramique.<\/li>\n<li>Fonctionne \u00e0 une temp\u00e9rature maximale de 1300\u00b0 F en continu, en fonction du diam\u00e8tre, de la largeur et de l&rsquo;application.<\/li>\n<\/ul>\n<\/td>\n<td valign=\"top\" width=\"234\">\n<div class=\"theimage\"><span class=\"title\">PWB5<\/span><br \/>\n<img decoding=\"async\" title=\"\" src=\"https:\/\/tri-volt.com\/wp-content\/uploads\/2015\/02\/PWB5-web.jpg\" alt=\"\" \/><span class=\"title\" style=\"position: absolute; top: 13%; background-color: red; display: flex; align-items: center; height: 10%; font-size: 10px; padding: 0 10px;\">Discontinued<\/span><\/div>\n<ul>\n<li>Construction en deux pi\u00e8ces.<\/li>\n<li>Plus petit diam\u00e8tre : 4\u2033.<\/li>\n<li>Plus petite largeur : 1.5&Prime;<\/li>\n<li>Le fil conducteur est prot\u00e9g\u00e9 par une tresse en acier inoxydable, un manchon en fibre de verre et un embossage \u00e0 profil bas dans la t\u00f4le.<\/li>\n<li>Les fils sortent par le haut de l&rsquo;appareil.<\/li>\n<li>Mont\u00e9 avec une sangle en acier inoxydable 430 de calibre 18 pour un serrage maximal. Le mod\u00e8le standard est fabriqu\u00e9 avec une charni\u00e8re.<\/li>\n<li>Fabriqu\u00e9 avec une feuille d&rsquo;acier inoxydable de calibre 24 et un ruban de magn\u00e9sium c\u00e9ramique.<\/li>\n<li>Fonctionne \u00e0 une temp\u00e9rature maximale de 1300\u00b0 F en continu, en fonction du diam\u00e8tre, de la largeur et de l&rsquo;application.<\/li>\n<\/ul>\n<\/td>\n<\/tr>\n<tr>\n<td valign=\"top\" width=\"234\">\n<div class=\"theimage\"><span class=\"title\">PWB6<\/span><br \/>\n<img decoding=\"async\" title=\"\" src=\"https:\/\/tri-volt.com\/wp-content\/uploads\/2015\/02\/pwb6-web.jpg\" alt=\"\" \/><span class=\"title\" style=\"position: absolute; top: 13%; background-color: red; display: flex; align-items: center; height: 10%; font-size: 10px; padding: 0 10px;\">Discontinued<\/span><\/div>\n<ul>\n<li>Construction en deux pi\u00e8ces.<\/li>\n<li>Plus petit diam\u00e8tre : 4\u2033.<\/li>\n<li>Plus petite largeur : 1.5\u2033.<\/li>\n<li>Le fil conducteur est prot\u00e9g\u00e9 par un c\u00e2ble d&rsquo;armure en acier inoxydable et un profil bas en fibre de verre emboss\u00e9 dans la t\u00f4le.<\/li>\n<li>Les fils sortent par le haut de l&rsquo;appareil.<\/li>\n<li>Mont\u00e9 avec une sangle en acier inoxydable 430 de calibre 18 pour un serrage maximal. Le mod\u00e8le standard est fabriqu\u00e9 avec une charni\u00e8re.<\/li>\n<li>Fabriqu\u00e9 avec une feuille d&rsquo;acier inoxydable de calibre 24 et un ruban de magn\u00e9sium c\u00e9ramique.<\/li>\n<li>Fonctionne \u00e0 une temp\u00e9rature maximale de 1300\u00b0 F en continu, en fonction du diam\u00e8tre, de la largeur et de l&rsquo;application.<\/li>\n<\/ul>\n<\/td>\n<td valign=\"top\" width=\"234\">\n<div class=\"theimage\"><span class=\"title\">PWB11<\/span><br \/>\n<img decoding=\"async\" title=\"\" src=\"https:\/\/tri-volt.com\/wp-content\/uploads\/2015\/02\/pwb11-web.jpg\" alt=\"\" \/><\/div>\n<ul>\n<li>Construction en une seule pi\u00e8ce. Installation par glissement uniquement.<\/li>\n<li>Plus petit diam\u00e8tre : 4\u2033.<\/li>\n<li>Plus petite largeur : 1.5\u2033.<\/li>\n<li>Borne 10-32 de chaque c\u00f4t\u00e9 de l&rsquo;espace.<\/li>\n<li>Mont\u00e9 avec une sangle en acier inoxydable 430 de calibre 18 pour un serrage maximal.<\/li>\n<li>Fabriqu\u00e9 avec une feuille d&rsquo;acier inoxydable de calibre 24 et un ruban de magn\u00e9sium c\u00e9ramique.<\/li>\n<li>Fonctionne \u00e0 une temp\u00e9rature maximale de 1300\u00b0 F en continu en fonction du diam\u00e8tre, de la largeur et de l&rsquo;application.<\/li>\n<\/ul>\n<\/td>\n<td valign=\"top\" width=\"234\">\n<div class=\"theimage\"><span class=\"title\">PWB12<\/span><br \/>\n<img decoding=\"async\" title=\"\" src=\"https:\/\/tri-volt.com\/wp-content\/uploads\/2015\/02\/pwb12-web.jpg\" alt=\"\" \/><\/div>\n<ul>\n<li>Construction en une seule pi\u00e8ce. Installation par glissement uniquement.<\/li>\n<li>Plus petit diam\u00e8tre : 4\u2033.<\/li>\n<li>Plus petite largeur : 1.5\u2033.<\/li>\n<li>Borne 10-32 de chaque c\u00f4t\u00e9 de l&rsquo;espace.<\/li>\n<li>Mont\u00e9 avec une sangle en acier inoxydable 430 de calibre 18 pour un serrage maximal.<\/li>\n<li>Fabriqu\u00e9 avec une feuille d&rsquo;acier inoxydable de calibre 24 et un ruban de magn\u00e9sium c\u00e9ramique.<\/li>\n<li>Fonctionne \u00e0 une temp\u00e9rature maximale de 1300\u00b0 F en continu en fonction du diam\u00e8tre, de la largeur et de l&rsquo;application.<\/li>\n<\/ul>\n<\/td>\n<\/tr>\n<tr>\n<td valign=\"top\" width=\"234\">\n<div class=\"theimage\"><span class=\"title\">PWB13<\/span><br \/>\n<img decoding=\"async\" title=\"\" src=\"https:\/\/tri-volt.com\/wp-content\/uploads\/2015\/02\/PWB13-web.jpg\" alt=\"\" \/><\/div>\n<ul>\n<li>Construction en une seule pi\u00e8ce. Installation par glissement uniquement.<\/li>\n<li>Plus petit diam\u00e8tre : 4\u2033.<\/li>\n<li>Plus petite largeur : 1.5\u2033.<\/li>\n<li>Bornes 10-32 de chaque c\u00f4t\u00e9 de l&rsquo;espace.<\/li>\n<li>Mont\u00e9 avec une sangle en acier inoxydable 430 de calibre 18 pour un serrage maximal.<\/li>\n<li>Fabriqu\u00e9 avec une feuille d&rsquo;acier inoxydable de calibre 24 et un ruban de magn\u00e9sium c\u00e9ramique.<\/li>\n<li>Fonctionne \u00e0 une temp\u00e9rature maximale de 1300\u00b0 F en continu en fonction du diam\u00e8tre, de la largeur et de l&rsquo;application.<\/li>\n<\/ul>\n<\/td>\n<td valign=\"top\" width=\"234\">\n<div class=\"theimage\"><span class=\"title\">PWB14<\/span><br \/>\n<img decoding=\"async\" title=\"\" src=\"https:\/\/tri-volt.com\/wp-content\/uploads\/2015\/02\/PWB14-web.jpg\" alt=\"\" \/><\/div>\n<ul>\n<li>Construction en une seule pi\u00e8ce. Installation par glissement uniquement.<\/li>\n<li>Plus petit diam\u00e8tre : 1.5\u2033.<\/li>\n<li>Plus petite largeur : 1.5\u2033.<\/li>\n<li>Le fil conducteur est prot\u00e9g\u00e9 par un manchon en fibre de verre et enferm\u00e9 dans un profil bas en acier inoxydable emboss\u00e9 dans la t\u00f4le.<\/li>\n<li>Les fils sortent par le haut de l&rsquo;appareil.<\/li>\n<li>Mont\u00e9 avec une sangle en acier inoxydable 430 de calibre 18 pour un serrage maximal.<\/li>\n<li>Fabriqu\u00e9 avec une t\u00f4le d&rsquo;acier inoxydable de calibre 24 et un ruban de magn\u00e9sium c\u00e9ramique.<\/li>\n<li>Fonctionne \u00e0 une temp\u00e9rature maximale de 1300\u00b0 F en continu, en fonction du diam\u00e8tre, de la largeur et de l&rsquo;application.<\/li>\n<\/ul>\n<\/td>\n<td valign=\"top\" width=\"234\">\n<div class=\"theimage\"><span class=\"title\">PWB15<\/span><br \/>\n<img decoding=\"async\" title=\"\" src=\"https:\/\/tri-volt.com\/wp-content\/uploads\/2015\/02\/PWB15-web.jpg\" alt=\"\" \/><\/div>\n<ul>\n<li>Construction en une seule pi\u00e8ce. Installation par glissement uniquement.<\/li>\n<li>Plus petit diam\u00e8tre : 1.5\u2033.<\/li>\n<li>Plus petite largeur : 1.5\u2033.<\/li>\n<li>Le fil conducteur est prot\u00e9g\u00e9 par une tresse en acier inoxydable, un manchon en fibre de verre et un embossage \u00e0 profil bas dans la t\u00f4le.<\/li>\n<li>Les fils sortent par le haut de l&rsquo;appareil.<\/li>\n<li>Mont\u00e9 avec une sangle en acier inoxydable 430 de calibre 18 pour un serrage maximal.<\/li>\n<li>Fabriqu\u00e9 avec une feuille d&rsquo;acier inoxydable de calibre 24 et un ruban de magn\u00e9sium c\u00e9ramique.<\/li>\n<li>Fonctionne \u00e0 une temp\u00e9rature maximale de 1300\u00b0 F en continu, en fonction du diam\u00e8tre, de la largeur et de l&rsquo;application.<\/li>\n<\/ul>\n<\/td>\n<\/tr>\n<tr>\n<td valign=\"top\" width=\"234\">\n<div class=\"theimage\"><span class=\"title\">PWB16<\/span><br \/>\n<img decoding=\"async\" title=\"\" src=\"https:\/\/tri-volt.com\/wp-content\/uploads\/2015\/02\/PWB16-web.jpg\" alt=\"\" \/><\/div>\n<ul>\n<li>Construction en une seule pi\u00e8ce. Installation par glissement uniquement.<\/li>\n<li>Plus petit diam\u00e8tre : 1.5\u2033.<\/li>\n<li>Plus petite largeur : 1.5\u2033.<\/li>\n<li>Le fil conducteur est prot\u00e9g\u00e9 par un c\u00e2ble d&rsquo;armure en acier inoxydable et un profil bas en fibre de verre emboss\u00e9 dans la t\u00f4le.<\/li>\n<li>Les fils sortent par le haut de l&rsquo;appareil.<\/li>\n<li>Mont\u00e9 avec une sangle en acier inoxydable 430 de calibre 18 pour un serrage maximal.<\/li>\n<li>Fabriqu\u00e9 avec une t\u00f4le d&rsquo;acier inoxydable de calibre 24 et un ruban de magn\u00e9sium c\u00e9ramique.<\/li>\n<li>Fonctionne \u00e0 une temp\u00e9rature maximale de 1300\u00b0 F en continu, en fonction du diam\u00e8tre, de la largeur et de l&rsquo;application.<\/li>\n<\/ul>\n<\/td>\n<td valign=\"top\" width=\"234\">\n<div class=\"theimage\"><span class=\"title\">PWB21<\/span><br \/>\n<img decoding=\"async\" title=\"\" src=\"https:\/\/tri-volt.com\/wp-content\/uploads\/2015\/02\/PWB21-web.jpg\" alt=\"\" \/><\/div>\n<ul>\n<li>Construction en une seule pi\u00e8ce. Installation par glissement uniquement. BO\u00ceTE \u00c0 BORNES.<\/li>\n<li>Plus petit diam\u00e8tre : 4\u2033.<\/li>\n<li>Plus petite largeur : 1.5\u2033.<\/li>\n<li>Bornes 10-32 prot\u00e9g\u00e9es par une bo\u00eete \u00e0 bornes en acier satin\u00e9 de calibre 18.<\/li>\n<li>Mont\u00e9 avec une sangle en acier inoxydable 430 de calibre 18 pour un serrage maximal.<\/li>\n<li>Fabriqu\u00e9 avec une feuille d&rsquo;acier inoxydable de calibre 24 et un ruban de magn\u00e9sium c\u00e9ramique.<\/li>\n<li>Fonctionne \u00e0 une temp\u00e9rature maximale de 1300\u00b0 F en continu en fonction du diam\u00e8tre, de la largeur et de l&rsquo;application.<\/li>\n<\/ul>\n<\/td>\n<td valign=\"top\" width=\"234\">\n<div class=\"theimage\"><span class=\"title\">PWB22<\/span><br \/>\n<img decoding=\"async\" title=\"\" src=\"https:\/\/tri-volt.com\/wp-content\/uploads\/2015\/02\/PWB22-web.jpg\" alt=\"\" \/><\/div>\n<ul>\n<li>Construction en une seule pi\u00e8ce. Installation par glissement uniquement. Prise europ\u00e9enne.<\/li>\n<li>Tension d&rsquo;alimentation maximale 240 volts.<\/li>\n<li>Plus petit diam\u00e8tre : 4\u2033.<\/li>\n<li>Plus petite largeur : 1.5\u2033.<\/li>\n<li>Mont\u00e9 avec une sangle en acier inoxydable 430 de calibre 18 pour un serrage maximal.<\/li>\n<li>Fabriqu\u00e9 avec une feuille d&rsquo;acier inoxydable de calibre 24 et un ruban de magn\u00e9sium c\u00e9ramique.<\/li>\n<li>Fonctionne \u00e0 une temp\u00e9rature maximale de 1300\u00b0 F en continu en fonction du diam\u00e8tre, de la largeur et de l&rsquo;application.<\/li>\n<\/ul>\n<\/td>\n<\/tr>\n<tr>\n<td valign=\"top\" width=\"234\">\n<div class=\"theimage\"><span class=\"title\">PWBNZ1<\/span><br \/>\n<img decoding=\"async\" title=\"\" src=\"https:\/\/tri-volt.com\/wp-content\/uploads\/2015\/02\/pwbnz1-web.jpg\" alt=\"\" \/><span class=\"title\" style=\"position: absolute; top: 13%; background-color: red; display: flex; align-items: center; height: 10%; font-size: 10px; padding: 0 10px;\">Discontinued<\/span><\/div>\n<\/td>\n<td valign=\"top\" width=\"234\">\n<div class=\"theimage\"><span class=\"title\">PWBNZ2<\/span><br \/>\n<img decoding=\"async\" title=\"\" src=\"https:\/\/tri-volt.com\/wp-content\/uploads\/2015\/02\/pwbnz2-web.jpg\" alt=\"\" \/><span class=\"title\" style=\"position: absolute; top: 13%; background-color: red; display: flex; align-items: center; height: 10%; font-size: 10px; padding: 0 10px;\">Discontinued<\/span><\/div>\n<\/td>\n<td valign=\"top\" width=\"234\">\n<div class=\"theimage\"><span class=\"title\">PWBNZ3<\/span><br \/>\n<img decoding=\"async\" title=\"\" src=\"https:\/\/tri-volt.com\/wp-content\/uploads\/2015\/02\/pwbnz3-web.jpg\" alt=\"\" \/><span class=\"title\" style=\"position: absolute; top: 13%; background-color: red; display: flex; align-items: center; height: 10%; font-size: 10px; padding: 0 10px;\">Discontinued<\/span><\/div>\n<\/td>\n<\/tr>\n<tr>\n<td colspan=\"3\">\n<ul>\n<li>Construction en une seule pi\u00e8ce.<\/li>\n<li>Plus petit diam\u00e8tre : 5\u2033.<\/li>\n<li>Plus petite largeur : 1.5\u2033.<\/li>\n<li>AVANTAGE : Chauffage en deux pi\u00e8ces, une seule connexion \u00e9lectrique.<\/li>\n<li>Mont\u00e9 avec une sangle en acier inoxydable 430 de calibre 18 pour un serrage maximal.<\/li>\n<li>Fabriqu\u00e9 avec une feuille d&rsquo;acier inoxydable de calibre 24 et un ruban de magn\u00e9sium c\u00e9ramique.<\/li>\n<li>Fonctionne \u00e0 une temp\u00e9rature maximale de 1300\u00b0 F en continu en fonction du diam\u00e8tre, de la largeur et de l&rsquo;application.<\/li>\n<li>Borne de poteau, fil de 450 degr\u00e9s, fil tress\u00e9 ou c\u00e2ble arm\u00e9.<\/li>\n<\/ul>\n<\/td>\n<\/tr>\n<tr>\n<td valign=\"top\" width=\"234\">\n<div class=\"theimage\"><span class=\"title\">PWBNZ4<\/span><br \/>\n<img decoding=\"async\" title=\"\" src=\"https:\/\/tri-volt.com\/wp-content\/uploads\/2015\/02\/pwbnz4-web.jpg\" alt=\"\" \/><span class=\"title\" style=\"position: absolute; top: 13%; background-color: red; display: flex; align-items: center; height: 10%; font-size: 10px; padding: 0 10px;\">Discontinued<\/span><\/div>\n<\/td>\n<td valign=\"top\" width=\"234\">\n<div class=\"theimage\"><span class=\"title\">PWBNZ5<\/span><br \/>\n<img decoding=\"async\" title=\"\" src=\"https:\/\/tri-volt.com\/wp-content\/uploads\/2015\/02\/pwbnz5-web.jpg\" alt=\"\" \/><span class=\"title\" style=\"position: absolute; top: 13%; background-color: red; display: flex; align-items: center; height: 10%; font-size: 10px; padding: 0 10px;\">Discontinued<\/span><\/div>\n<\/td>\n<\/tr>\n<tr>\n<td colspan=\"3\">\n<ul>\n<li>Construction en une seule pi\u00e8ce.<\/li>\n<li>Plus petit diam\u00e8tre : 5\u2033.<\/li>\n<li>Plus petite largeur : 1.5\u2033.<\/li>\n<li>AVANTAGE : Chauffage en deux pi\u00e8ces, une seule connexion \u00e9lectrique.<\/li>\n<li>Mont\u00e9 avec une sangle en acier inoxydable 430 de calibre 18 pour un serrage maximal.<\/li>\n<li>Fabriqu\u00e9 avec une feuille d&rsquo;acier inoxydable de calibre 24 et un ruban de magn\u00e9sium c\u00e9ramique.<\/li>\n<li>Fonctionne \u00e0 une temp\u00e9rature maximale de 1300\u00b0 F en continu en fonction du diam\u00e8tre, de la largeur et de l&rsquo;application.<\/li>\n<li>Borne de poteau, fil de 450 degr\u00e9s, fil tress\u00e9 ou c\u00e2ble arm\u00e9.<\/li>\n<\/ul>\n<\/td>\n<\/tr>\n<\/tbody>\n<\/table>\n","protected":false},"excerpt":{"rendered":"<p>Les R\u00e9chauffeurs de bandes de puissance peuvent fonctionner \u00e0 des temp\u00e9ratures de gaine allant jusqu&rsquo;\u00e0 1300\u00b0 F en continu, en fonction du diam\u00e8tre, de la largeur et de l&rsquo;application. L&rsquo;int\u00e9rieur d&rsquo;un\u00a0 R\u00e9chauffeur de bandes de puissance est fabriqu\u00e9 avec du ruban c\u00e9ramique, du fil Nichrome et du ciment c\u00e9ramique haute temp\u00e9rature. Le r\u00e9chauffeur de bandes [&hellip;]<\/p>\n","protected":false},"author":12,"featured_media":0,"parent":2909,"menu_order":0,"comment_status":"open","ping_status":"open","template":"","meta":{"footnotes":""},"class_list":["post-3371","page","type-page","status-publish","hentry"],"aioseo_notices":[],"_links":{"self":[{"href":"https:\/\/tri-volt.com\/fr\/wp-json\/wp\/v2\/pages\/3371","targetHints":{"allow":["GET"]}}],"collection":[{"href":"https:\/\/tri-volt.com\/fr\/wp-json\/wp\/v2\/pages"}],"about":[{"href":"https:\/\/tri-volt.com\/fr\/wp-json\/wp\/v2\/types\/page"}],"author":[{"embeddable":true,"href":"https:\/\/tri-volt.com\/fr\/wp-json\/wp\/v2\/users\/12"}],"replies":[{"embeddable":true,"href":"https:\/\/tri-volt.com\/fr\/wp-json\/wp\/v2\/comments?post=3371"}],"version-history":[{"count":9,"href":"https:\/\/tri-volt.com\/fr\/wp-json\/wp\/v2\/pages\/3371\/revisions"}],"predecessor-version":[{"id":3694,"href":"https:\/\/tri-volt.com\/fr\/wp-json\/wp\/v2\/pages\/3371\/revisions\/3694"}],"up":[{"embeddable":true,"href":"https:\/\/tri-volt.com\/fr\/wp-json\/wp\/v2\/pages\/2909"}],"wp:attachment":[{"href":"https:\/\/tri-volt.com\/fr\/wp-json\/wp\/v2\/media?parent=3371"}],"curies":[{"name":"wp","href":"https:\/\/api.w.org\/{rel}","templated":true}]}}