{"id":3483,"date":"2023-12-20T15:42:12","date_gmt":"2023-12-20T15:42:12","guid":{"rendered":"https:\/\/tri-volt.com\/products\/"},"modified":"2024-10-07T14:25:35","modified_gmt":"2024-10-07T14:25:35","slug":"produits","status":"publish","type":"page","link":"https:\/\/tri-volt.com\/fr\/produits\/","title":{"rendered":"Produits"},"content":{"rendered":"<p>Trivolt Industries propose une vaste gamme de r\u00e9chauffeurs \u00e9lectriques, d&rsquo;assemblages et d&rsquo;\u00e9l\u00e9ments destin\u00e9s aux secteurs du plastique, du caoutchouc, de la chimie, de l&rsquo;\u00e9nergie, y compris les centrales \u00e9lectriques, le transport et le secteur r\u00e9sidentiel.<\/p>\n<p>Trivolt Industries continue de d\u00e9velopper sa gamme de produits et introduira bient\u00f4t des r\u00e9chauffeurs ALIM-MEDUIM VOLTAGE pour la gestion des batteries des camions EV de taille moyenne.<\/p>\n<p>Trivolt poursuit son d\u00e9veloppement et d&rsquo;ici l&rsquo;\u00e9t\u00e9 2024, nous aurons une gamme compl\u00e8te de thermoplongeurs de 4160 volts fonctionnant \u00e0 une temp\u00e9rature maximale de 800 degr\u00e9s F.<\/p>\n<p>Veuillez consulter la gamme compl\u00e8te de produits sur votre droite. Si vous avez besoin d&rsquo;aide, n&rsquo;h\u00e9sitez pas \u00e0 contacter l&rsquo;\u00e9quipe Trivolt.<\/p>\n<h3>L&rsquo;\u00c9QUIPE DE TRIVOLT INDUSTRIES<\/h3>\n<ul>\n<li>Marsha, Service \u00e0 la client\u00e8le. <a href=\"mailto:mnoviello@tri-volt.com\">mnoviello@tri-volt.com<\/a><\/li>\n<li>Milena Gifuni, Logistique. <a href=\"mailto:Mgifuni@tri-volt.com\">Mgifuni@tri-volt.com<\/a><\/li>\n<li>Joe Spensieri, L&rsquo;ing\u00e9nierie. <a href=\"mailto:jspensieri@tri-volt.com\">jspensieri@tri-volt.com<\/a><\/li>\n<li>Arash Keyhan, Contr\u00f4le de la qualit\u00e9. <a href=\"mailto:qualitycontrol@tri-volt.com\">qualitycontrol@tri-volt.com<\/a><\/li>\n<li>Rosanna Di Lullo, Directeur des op\u00e9rations: <a href=\"mailto:rdilullo@tri-volt.com\">rdilullo@tri-volt.com<\/a><\/li>\n<li><strong>Demande de devis: <a href=\"mailto:Sales@tri-volt.com\">Sales@tri-volt.com<\/a><\/strong><\/li>\n<\/ul>\n","protected":false},"excerpt":{"rendered":"<p>Trivolt Industries propose une vaste gamme de r\u00e9chauffeurs \u00e9lectriques, d&rsquo;assemblages et d&rsquo;\u00e9l\u00e9ments destin\u00e9s aux secteurs du plastique, du caoutchouc, de la chimie, de l&rsquo;\u00e9nergie, y compris les centrales \u00e9lectriques, le transport et le secteur r\u00e9sidentiel. Trivolt Industries continue de d\u00e9velopper sa gamme de produits et introduira bient\u00f4t des r\u00e9chauffeurs ALIM-MEDUIM VOLTAGE pour la gestion des [&hellip;]<\/p>\n","protected":false},"author":16,"featured_media":0,"parent":0,"menu_order":0,"comment_status":"closed","ping_status":"closed","template":"","meta":{"footnotes":""},"class_list":["post-3483","page","type-page","status-publish","hentry"],"aioseo_notices":[],"_links":{"self":[{"href":"https:\/\/tri-volt.com\/fr\/wp-json\/wp\/v2\/pages\/3483","targetHints":{"allow":["GET"]}}],"collection":[{"href":"https:\/\/tri-volt.com\/fr\/wp-json\/wp\/v2\/pages"}],"about":[{"href":"https:\/\/tri-volt.com\/fr\/wp-json\/wp\/v2\/types\/page"}],"author":[{"embeddable":true,"href":"https:\/\/tri-volt.com\/fr\/wp-json\/wp\/v2\/users\/16"}],"replies":[{"embeddable":true,"href":"https:\/\/tri-volt.com\/fr\/wp-json\/wp\/v2\/comments?post=3483"}],"version-history":[{"count":5,"href":"https:\/\/tri-volt.com\/fr\/wp-json\/wp\/v2\/pages\/3483\/revisions"}],"predecessor-version":[{"id":3655,"href":"https:\/\/tri-volt.com\/fr\/wp-json\/wp\/v2\/pages\/3483\/revisions\/3655"}],"wp:attachment":[{"href":"https:\/\/tri-volt.com\/fr\/wp-json\/wp\/v2\/media?parent=3483"}],"curies":[{"name":"wp","href":"https:\/\/api.w.org\/{rel}","templated":true}]}}